{"id":162,"date":"2023-01-22T17:22:34","date_gmt":"2023-01-22T16:22:34","guid":{"rendered":"https:\/\/trostfrauen.museum\/en\/?page_id=162"},"modified":"2023-01-24T17:28:22","modified_gmt":"2023-01-24T16:28:22","slug":"team","status":"publish","type":"page","link":"https:\/\/trostfrauen.museum\/en\/team\/","title":{"rendered":"Exhibition Team"},"content":{"rendered":"\n<p><strong>Concept<\/strong>:&nbsp;Tatjana Blechert, Nataly Jung-Hwa Han, Hojin Kang, Ariane Karbe, Yann Werner Prell<\/p>\n\n\n\n<p><strong>Exhibition Dramaturgy:<\/strong> Ariane Karbe<\/p>\n\n\n\n<p><strong>Creative Director, Exhibition Design:<\/strong>&nbsp;Tatjana Blechert, Hojin Kang<\/p>\n\n\n\n<p><strong>Creative Director, Product Design:&nbsp;<\/strong>Aljosha Sch\u00e4ck<\/p>\n\n\n\n<p><strong>Project Managment:&nbsp;<\/strong>Tatjana Blechert, Dong-Ha Choe, Nataly Jung-Hwa Han, Hojin Kang, Yann Werner Prell<\/p>\n\n\n\n<p><strong>Scientific Research:&nbsp;<\/strong>Yuri Doolan, Nataly Jung-Hwa Han, Nam-Myong Hong, Peter Kesselburg, Regina M\u00fchlh\u00e4user, Linh M\u00fcller, Seo-Ok Yoon, Robert Sommer<\/p>\n\n\n\n<p><strong>Editing and Content Advise:<\/strong> Ariane Karbe, Josepha Jendricke, Linh M\u00fcller Yann Werner Prell, Benjamin Salzwedel<\/p>\n\n\n\n<p><strong>Technical Implementation:&nbsp;<\/strong>Fabian Yun Arat, Erik Freydank, Kai Kruschel<\/p>\n\n\n\n<p><strong>Exhibition Planning: <\/strong>Dong-Ha Choe, Aljosha Sch\u00e4ck, Obok Kwon<\/p>\n\n\n\n<p><strong>Outdoor Area Planning:<\/strong><br>Dong-Ha Choe (Fassade)<br>Jinran Ha, Nataly Jung-Hwa Han, Yury Han (Garten)<\/p>\n\n\n\n<p><strong>Exhibition Set Up:<\/strong>&nbsp;Fabian Yun Arat, Simge Batmaz, Tatjana Blechert, Dong-Ha Choe, Johanna Engelmann, Jinran Ha, Yury Han, Hyemi Jo, Hojin Kang, Seung-Ju Lee, Cathy Li, Alicia Koch, Ulrich Kretschmer, Luis Prell, Yann Werner Prell, Benjamin Salzwedel, Aljosha Sch\u00e4ck, Keun-Il Song<\/p>\n\n\n\n<p><strong>Production:<\/strong> Tischlerei Rieger, Grafik&amp;Werbung, Tischlerei Mason Juday, Trick-reich<\/p>\n\n\n\n<p><strong>Corporate Design:&nbsp;<\/strong>Hojin Kang<\/p>\n\n\n\n<p><strong>Illustration:&nbsp;<\/strong>Hyemi Jo<\/p>\n\n\n\n<p><strong>Photography:&nbsp;<\/strong>Tatjana Blechert, Hojin Kang, Ulrich Kretschmer, Sanhah Lee, Aljosha Sch\u00e4ck<\/p>\n\n\n\n<p><strong>Videography:<\/strong>&nbsp;Hyemi Jo, Seong Moon Shim<\/p>\n\n\n\n<p><strong>Website:<\/strong>&nbsp;Hojin Kang, Yann Werner Prell<\/p>\n\n\n\n<p><strong>Project Office, Communication:<\/strong> Yujin Jung, Josepha Jendricke, Linh M\u00fcller, Yann Werner Prell<\/p>\n\n\n\n<p><strong>Fundraising : <\/strong>Nataly Jung-Hwa Han, Yujin Jung<\/p>\n\n\n\n<p><strong>Translation:&nbsp;<\/strong>Nataly Jung-Hwa Han, Jiwon Hyun, Josepha Jedricke, Hyemi Jo, Yujin Jung, Linh M\u00fcller, Yukiko Kondo, Aiko Okamoto, Gouri Sharma, Seong Moon Shim<\/p>\n","protected":false},"excerpt":{"rendered":"<p>Concept:&nbsp;Tatjana Blechert, Nataly Jung-Hwa Han, Hojin Kang, Ariane Karbe, Yann Werner Prell Exhibition Dramaturgy: Ariane Karbe Creative Director, Exhibition Design:&nbsp;Tatjana Blechert, Hojin Kang Creative Director, Product Design:&nbsp;Aljosha Sch\u00e4ck Project Managment:&nbsp;Tatjana Blechert, Dong-Ha Choe, Nataly Jung-Hwa Han, Hojin Kang, Yann Werner Prell Scientific Research:&nbsp;Yuri Doolan, Nataly Jung-Hwa Han, Nam-Myong Hong, Peter Kesselburg, Regina M\u00fchlh\u00e4user, Linh M\u00fcller,&hellip;<\/p>\n","protected":false},"author":1,"featured_media":0,"parent":0,"menu_order":0,"comment_status":"closed","ping_status":"closed","template":"","meta":{"footnotes":""},"class_list":["post-162","page","type-page","status-publish","hentry","comments-closed","no-comments"],"yoast_head":"<!-- This site is optimized with the Yoast SEO plugin v27.3 - https:\/\/yoast.com\/product\/yoast-seo-wordpress\/ -->\n<title>Exhibition Team - Museum of Comfort Women<\/title>\n<meta name=\"description\" content=\"The exhibition team of The Comfort Women Museum\" \/>\n<meta name=\"robots\" content=\"index, follow, max-snippet:-1, max-image-preview:large, max-video-preview:-1\" \/>\n<link rel=\"canonical\" href=\"https:\/\/trostfrauen.museum\/en\/team\/\" \/>\n<meta property=\"og:locale\" content=\"en_US\" \/>\n<meta property=\"og:type\" content=\"article\" \/>\n<meta property=\"og:title\" content=\"Exhibition Team - Museum of Comfort Women\" \/>\n<meta property=\"og:description\" content=\"The exhibition team of The Comfort Women Museum\" \/>\n<meta property=\"og:url\" content=\"https:\/\/trostfrauen.museum\/en\/team\/\" \/>\n<meta property=\"og:site_name\" content=\"Museum of Comfort Women\" \/>\n<meta property=\"article:modified_time\" content=\"2023-01-24T16:28:22+00:00\" \/>\n<meta name=\"twitter:card\" content=\"summary_large_image\" \/>\n<meta name=\"twitter:label1\" content=\"Est. reading time\" \/>\n\t<meta name=\"twitter:data1\" content=\"2 minutes\" \/>\n<script type=\"application\/ld+json\" class=\"yoast-schema-graph\">{\"@context\":\"https:\\\/\\\/schema.org\",\"@graph\":[{\"@type\":\"WebPage\",\"@id\":\"https:\\\/\\\/trostfrauen.museum\\\/en\\\/team\\\/\",\"url\":\"https:\\\/\\\/trostfrauen.museum\\\/en\\\/team\\\/\",\"name\":\"Exhibition Team - Museum of Comfort Women\",\"isPartOf\":{\"@id\":\"https:\\\/\\\/trostfrauen.museum\\\/en\\\/#website\"},\"datePublished\":\"2023-01-22T16:22:34+00:00\",\"dateModified\":\"2023-01-24T16:28:22+00:00\",\"description\":\"The exhibition team of The Comfort Women Museum\",\"breadcrumb\":{\"@id\":\"https:\\\/\\\/trostfrauen.museum\\\/en\\\/team\\\/#breadcrumb\"},\"inLanguage\":\"en-US\",\"potentialAction\":[{\"@type\":\"ReadAction\",\"target\":[\"https:\\\/\\\/trostfrauen.museum\\\/en\\\/team\\\/\"]}]},{\"@type\":\"BreadcrumbList\",\"@id\":\"https:\\\/\\\/trostfrauen.museum\\\/en\\\/team\\\/#breadcrumb\",\"itemListElement\":[{\"@type\":\"ListItem\",\"position\":1,\"name\":\"Startseite\",\"item\":\"https:\\\/\\\/trostfrauen.museum\\\/en\\\/\"},{\"@type\":\"ListItem\",\"position\":2,\"name\":\"Exhibition Team\"}]},{\"@type\":\"WebSite\",\"@id\":\"https:\\\/\\\/trostfrauen.museum\\\/en\\\/#website\",\"url\":\"https:\\\/\\\/trostfrauen.museum\\\/en\\\/\",\"name\":\"Museum of Comfort Women\",\"description\":\"\",\"publisher\":{\"@id\":\"https:\\\/\\\/trostfrauen.museum\\\/en\\\/#organization\"},\"potentialAction\":[{\"@type\":\"SearchAction\",\"target\":{\"@type\":\"EntryPoint\",\"urlTemplate\":\"https:\\\/\\\/trostfrauen.museum\\\/en\\\/?s={search_term_string}\"},\"query-input\":{\"@type\":\"PropertyValueSpecification\",\"valueRequired\":true,\"valueName\":\"search_term_string\"}}],\"inLanguage\":\"en-US\"},{\"@type\":\"Organization\",\"@id\":\"https:\\\/\\\/trostfrauen.museum\\\/en\\\/#organization\",\"name\":\"Museum of Comfort Women\",\"url\":\"https:\\\/\\\/trostfrauen.museum\\\/en\\\/\",\"logo\":{\"@type\":\"ImageObject\",\"inLanguage\":\"en-US\",\"@id\":\"https:\\\/\\\/trostfrauen.museum\\\/en\\\/#\\\/schema\\\/logo\\\/image\\\/\",\"url\":\"https:\\\/\\\/trostfrauen.museum\\\/en\\\/wp-content\\\/uploads\\\/sites\\\/2\\\/2021\\\/05\\\/cropped-201128_MUT_LOGO_BLACK_SMALL.png\",\"contentUrl\":\"https:\\\/\\\/trostfrauen.museum\\\/en\\\/wp-content\\\/uploads\\\/sites\\\/2\\\/2021\\\/05\\\/cropped-201128_MUT_LOGO_BLACK_SMALL.png\",\"width\":699,\"height\":216,\"caption\":\"Museum of Comfort Women\"},\"image\":{\"@id\":\"https:\\\/\\\/trostfrauen.museum\\\/en\\\/#\\\/schema\\\/logo\\\/image\\\/\"}}]}<\/script>\n<!-- \/ Yoast SEO plugin. -->","yoast_head_json":{"title":"Exhibition Team - Museum of Comfort Women","description":"The exhibition team of The Comfort Women Museum","robots":{"index":"index","follow":"follow","max-snippet":"max-snippet:-1","max-image-preview":"max-image-preview:large","max-video-preview":"max-video-preview:-1"},"canonical":"https:\/\/trostfrauen.museum\/en\/team\/","og_locale":"en_US","og_type":"article","og_title":"Exhibition Team - Museum of Comfort Women","og_description":"The exhibition team of The Comfort Women Museum","og_url":"https:\/\/trostfrauen.museum\/en\/team\/","og_site_name":"Museum of Comfort Women","article_modified_time":"2023-01-24T16:28:22+00:00","twitter_card":"summary_large_image","twitter_misc":{"Est. reading time":"2 minutes"},"schema":{"@context":"https:\/\/schema.org","@graph":[{"@type":"WebPage","@id":"https:\/\/trostfrauen.museum\/en\/team\/","url":"https:\/\/trostfrauen.museum\/en\/team\/","name":"Exhibition Team - Museum of Comfort Women","isPartOf":{"@id":"https:\/\/trostfrauen.museum\/en\/#website"},"datePublished":"2023-01-22T16:22:34+00:00","dateModified":"2023-01-24T16:28:22+00:00","description":"The exhibition team of The Comfort Women Museum","breadcrumb":{"@id":"https:\/\/trostfrauen.museum\/en\/team\/#breadcrumb"},"inLanguage":"en-US","potentialAction":[{"@type":"ReadAction","target":["https:\/\/trostfrauen.museum\/en\/team\/"]}]},{"@type":"BreadcrumbList","@id":"https:\/\/trostfrauen.museum\/en\/team\/#breadcrumb","itemListElement":[{"@type":"ListItem","position":1,"name":"Startseite","item":"https:\/\/trostfrauen.museum\/en\/"},{"@type":"ListItem","position":2,"name":"Exhibition Team"}]},{"@type":"WebSite","@id":"https:\/\/trostfrauen.museum\/en\/#website","url":"https:\/\/trostfrauen.museum\/en\/","name":"Museum of Comfort Women","description":"","publisher":{"@id":"https:\/\/trostfrauen.museum\/en\/#organization"},"potentialAction":[{"@type":"SearchAction","target":{"@type":"EntryPoint","urlTemplate":"https:\/\/trostfrauen.museum\/en\/?s={search_term_string}"},"query-input":{"@type":"PropertyValueSpecification","valueRequired":true,"valueName":"search_term_string"}}],"inLanguage":"en-US"},{"@type":"Organization","@id":"https:\/\/trostfrauen.museum\/en\/#organization","name":"Museum of Comfort Women","url":"https:\/\/trostfrauen.museum\/en\/","logo":{"@type":"ImageObject","inLanguage":"en-US","@id":"https:\/\/trostfrauen.museum\/en\/#\/schema\/logo\/image\/","url":"https:\/\/trostfrauen.museum\/en\/wp-content\/uploads\/sites\/2\/2021\/05\/cropped-201128_MUT_LOGO_BLACK_SMALL.png","contentUrl":"https:\/\/trostfrauen.museum\/en\/wp-content\/uploads\/sites\/2\/2021\/05\/cropped-201128_MUT_LOGO_BLACK_SMALL.png","width":699,"height":216,"caption":"Museum of Comfort Women"},"image":{"@id":"https:\/\/trostfrauen.museum\/en\/#\/schema\/logo\/image\/"}}]}},"jetpack_sharing_enabled":true,"_links":{"self":[{"href":"https:\/\/trostfrauen.museum\/en\/wp-json\/wp\/v2\/pages\/162","targetHints":{"allow":["GET"]}}],"collection":[{"href":"https:\/\/trostfrauen.museum\/en\/wp-json\/wp\/v2\/pages"}],"about":[{"href":"https:\/\/trostfrauen.museum\/en\/wp-json\/wp\/v2\/types\/page"}],"author":[{"embeddable":true,"href":"https:\/\/trostfrauen.museum\/en\/wp-json\/wp\/v2\/users\/1"}],"replies":[{"embeddable":true,"href":"https:\/\/trostfrauen.museum\/en\/wp-json\/wp\/v2\/comments?post=162"}],"version-history":[{"count":2,"href":"https:\/\/trostfrauen.museum\/en\/wp-json\/wp\/v2\/pages\/162\/revisions"}],"predecessor-version":[{"id":175,"href":"https:\/\/trostfrauen.museum\/en\/wp-json\/wp\/v2\/pages\/162\/revisions\/175"}],"wp:attachment":[{"href":"https:\/\/trostfrauen.museum\/en\/wp-json\/wp\/v2\/media?parent=162"}],"curies":[{"name":"wp","href":"https:\/\/api.w.org\/{rel}","templated":true}]}}